{"id":1950,"date":"2025-02-15T17:46:26","date_gmt":"2025-02-15T17:46:26","guid":{"rendered":"https:\/\/portorethymno.com\/sante-et-securite\/"},"modified":"2025-05-15T22:21:34","modified_gmt":"2025-05-15T22:21:34","slug":"sante-et-securite","status":"publish","type":"page","link":"https:\/\/portorethymno.com\/fr\/sante-et-securite\/","title":{"rendered":"Sant\u00e9 et s\u00e9curit\u00e9"},"content":{"rendered":"<p>[et_pb_section fb_built=\u00a0\u00bb1&Prime; _builder_version=\u00a0\u00bb4.27.2&Prime; _module_preset=\u00a0\u00bbdefault\u00a0\u00bb background_color=\u00a0\u00bb#FFFFFF\u00a0\u00bb background_enable_image=\u00a0\u00bboff\u00a0\u00bb background_blend=\u00a0\u00bboverlay\u00a0\u00bb min_height=\u00a0\u00bb376.4px\u00a0\u00bb custom_margin=\u00a0\u00bb0px||0px||false|false\u00a0\u00bb custom_padding=\u00a0\u00bb0px||0px||false|false\u00a0\u00bb locked=\u00a0\u00bboff\u00a0\u00bb global_colors_info=\u00a0\u00bb{}\u00a0\u00bb][et_pb_row _builder_version=\u00a0\u00bb4.27.2&Prime; _module_preset=\u00a0\u00bbdefault\u00a0\u00bb width_tablet=\u00a0\u00bb\u00a0\u00bb width_phone=\u00a0\u00bb90%\u00a0\u00bb width_last_edited=\u00a0\u00bbon|phone\u00a0\u00bb custom_margin=\u00a0\u00bb0px||0px||false|false\u00a0\u00bb custom_padding=\u00a0\u00bb120px||60px||false|false\u00a0\u00bb global_colors_info=\u00a0\u00bb{}\u00a0\u00bb][et_pb_column type=\u00a0\u00bb4_4&Prime; _builder_version=\u00a0\u00bb4.24.3&Prime; _module_preset=\u00a0\u00bbdefault\u00a0\u00bb global_colors_info=\u00a0\u00bb{}\u00a0\u00bb][et_pb_text module_class=\u00a0\u00bbet_pb_slide_titleDifference\u00a0\u00bb _builder_version=\u00a0\u00bb4.27.4&Prime; _module_preset=\u00a0\u00bb_initial\u00a0\u00bb text_font=\u00a0\u00bb||||||||\u00a0\u00bb text_text_color=\u00a0\u00bb#000000&Prime; text_font_size=\u00a0\u00bb36px\u00a0\u00bb text_letter_spacing=\u00a0\u00bb1px\u00a0\u00bb text_line_height=\u00a0\u00bb1em\u00a0\u00bb header_line_height=\u00a0\u00bb1.1em\u00a0\u00bb custom_margin=\u00a0\u00bb0px||30px||false|false\u00a0\u00bb custom_margin_tablet=\u00a0\u00bb0px||30px||false|false\u00a0\u00bb custom_margin_phone=\u00a0\u00bb0px||30px||false|false\u00a0\u00bb custom_margin_last_edited=\u00a0\u00bbon|desktop\u00a0\u00bb hover_enabled=\u00a0\u00bb0&Prime; global_colors_info=\u00a0\u00bb{}\u00a0\u00bb sticky_enabled=\u00a0\u00bb0&Prime;]<\/p>\n<p style=\"text-align: center;\">Sant\u00e9 et s\u00e9curit\u00e9<\/p>\n<div id=\"awebChromeHelper\" data-version=\"1.24.2\"><\/div>\n<p>[\/et_pb_text][et_pb_text _builder_version=\u00a0\u00bb4.27.0&Prime; _module_preset=\u00a0\u00bb_initial\u00a0\u00bb custom_margin_tablet=\u00a0\u00bb\u00a0\u00bb custom_margin_phone=\u00a0\u00bb\u00a0\u00bb custom_margin_last_edited=\u00a0\u00bbon|desktop\u00a0\u00bb global_colors_info=\u00a0\u00bb{}\u00a0\u00bb]<\/p>\n<p style=\"text-align: center;\">La sant\u00e9 et la s\u00e9curit\u00e9 de nos clients et de notre personnel sont une priorit\u00e9 absolue pour AQUILA Hotels &amp; Resorts. Nous respectons les normes et r\u00e9glementations locales en mati\u00e8re de s\u00e9curit\u00e9, de sant\u00e9, d&rsquo;hygi\u00e8ne et de s\u00fbret\u00e9. Nous utilisons l&rsquo;\u00e9valuation des risques pour identifier et g\u00e9rer activement les risques li\u00e9s \u00e0 la sant\u00e9 et \u00e0 la s\u00e9curit\u00e9. Nous sommes conscients qu&rsquo;un processus efficace de gestion des risques en mati\u00e8re de sant\u00e9 et de s\u00e9curit\u00e9 peut contribuer \u00e0 r\u00e9duire les accidents et les blessures li\u00e9s \u00e0 nos locaux.   <\/p>\n<p>[\/et_pb_text][\/et_pb_column][\/et_pb_row][et_pb_row column_structure=\u00a0\u00bb1_2,1_2&Prime; _builder_version=\u00a0\u00bb4.27.2&Prime; _module_preset=\u00a0\u00bbdefault\u00a0\u00bb custom_padding=\u00a0\u00bb0px||120px||false|false\u00a0\u00bb global_colors_info=\u00a0\u00bb{}\u00a0\u00bb][et_pb_column type=\u00a0\u00bb1_2&Prime; _builder_version=\u00a0\u00bb4.27.0&Prime; _module_preset=\u00a0\u00bbdefault\u00a0\u00bb global_colors_info=\u00a0\u00bb{}\u00a0\u00bb][et_pb_text _builder_version=\u00a0\u00bb4.27.0&Prime; _module_preset=\u00a0\u00bb_initial\u00a0\u00bb custom_margin_tablet=\u00a0\u00bb\u00a0\u00bb custom_margin_phone=\u00a0\u00bb\u00a0\u00bb custom_margin_last_edited=\u00a0\u00bbon|desktop\u00a0\u00bb global_colors_info=\u00a0\u00bb{}\u00a0\u00bb]<\/p>\n<p><strong>Responsabilit\u00e9 de la direction :<\/strong><br \/>Notre direction veille \u00e0 ce que le processus de gestion des risques que nous utilisons soit document\u00e9, communiqu\u00e9 et librement accessible au personnel, et \u00e0 ce que ce dernier re\u00e7oive la formation appropri\u00e9e pour assumer efficacement son r\u00f4le et ses responsabilit\u00e9s.<em><br \/><\/em><\/p>\n<div id=\"awebChromeHelper\" data-version=\"1.23.2\"><\/div>\n<p>[\/et_pb_text][\/et_pb_column][et_pb_column type=\u00a0\u00bb1_2&Prime; _builder_version=\u00a0\u00bb4.27.0&Prime; _module_preset=\u00a0\u00bbdefault\u00a0\u00bb global_colors_info=\u00a0\u00bb{}\u00a0\u00bb][et_pb_text _builder_version=\u00a0\u00bb4.27.2&Prime; _module_preset=\u00a0\u00bb_initial\u00a0\u00bb custom_margin_tablet=\u00a0\u00bb\u00a0\u00bb custom_margin_phone=\u00a0\u00bb\u00a0\u00bb custom_margin_last_edited=\u00a0\u00bbon|desktop\u00a0\u00bb global_colors_info=\u00a0\u00bb{}\u00a0\u00bb]<\/p>\n<p><strong>Proc\u00e9dures :<br \/><\/strong>Nous suivons l&rsquo;\u00e9valuation des risques en cinq \u00e9tapes :<br \/>\u00c9tape 1 : Identifier les dangers<br \/>\u00c9tape 2 : Identifier qui pourrait \u00eatre bless\u00e9 et comment<br \/>\u00c9tape 3 : \u00c9valuer le risque<br \/>\u00c9tape 4 : Documenter les r\u00e9sultats<br \/>\u00c9tape 5 : Revoir l&rsquo;\u00e9valuation des risques<\/p>\n<div id=\"awebChromeHelper\" data-version=\"1.23.2\"><\/div>\n<p>[\/et_pb_text][\/et_pb_column][\/et_pb_row][\/et_pb_section][et_pb_section fb_built=\u00a0\u00bb1&Prime; _builder_version=\u00a0\u00bb4.26.0&Prime; _module_preset=\u00a0\u00bbdefault\u00a0\u00bb background_color=\u00a0\u00bb#f3eee7&Prime; custom_padding=\u00a0\u00bb0px||0px|||\u00a0\u00bb global_colors_info=\u00a0\u00bb{}\u00a0\u00bb][et_pb_row custom_padding_last_edited=\u00a0\u00bbon|phone\u00a0\u00bb _builder_version=\u00a0\u00bb4.27.2&Prime; _module_preset=\u00a0\u00bbdefault\u00a0\u00bb width_tablet=\u00a0\u00bb\u00a0\u00bb width_phone=\u00a0\u00bb90%\u00a0\u00bb width_last_edited=\u00a0\u00bbon|phone\u00a0\u00bb custom_padding=\u00a0\u00bb60px||120px||false|false\u00a0\u00bb custom_padding_tablet=\u00a0\u00bb60px||120px||false|false\u00a0\u00bb custom_padding_phone=\u00a0\u00bb30px||||false|false\u00a0\u00bb global_colors_info=\u00a0\u00bb{}\u00a0\u00bb][et_pb_column type=\u00a0\u00bb4_4&Prime; _builder_version=\u00a0\u00bb4.24.3&Prime; _module_preset=\u00a0\u00bbdefault\u00a0\u00bb global_colors_info=\u00a0\u00bb{}\u00a0\u00bb][et_pb_accordion open_toggle_background_color=\u00a0\u00bbRGBA(255,255,255,0)\u00a0\u00bb closed_toggle_background_color=\u00a0\u00bbRGBA(255,255,255,0)\u00a0\u00bb toggle_icon=\u00a0\u00bb&#x24;||divi||400&Prime; icon_color=\u00a0\u00bb#6a453f\u00a0\u00bb _builder_version=\u00a0\u00bb4.24.2&Prime; _module_preset=\u00a0\u00bbdefault\u00a0\u00bb body_line_height=\u00a0\u00bb1.4em\u00a0\u00bb custom_margin=\u00a0\u00bb||||false|false\u00a0\u00bb border_width_all=\u00a0\u00bb0px\u00a0\u00bb border_width_bottom=\u00a0\u00bb1px\u00a0\u00bb border_color_bottom=\u00a0\u00bb#6a453f\u00a0\u00bb global_colors_info=\u00a0\u00bb{}\u00a0\u00bb][et_pb_accordion_item title=\u00a0\u00bbS\u00e9curit\u00e9 des piscines\u00a0\u00bb open=\u00a0\u00bbon\u00a0\u00bb _builder_version=\u00a0\u00bb4.24.2&Prime; _module_preset=\u00a0\u00bbdefault\u00a0\u00bb global_colors_info=\u00a0\u00bb{}\u00a0\u00bb]<\/p>\n<p>Nous savons que la piscine est l&rsquo;une des attractions les plus importantes pour nos clients lorsqu&rsquo;ils r\u00e9servent leurs vacances. Qu&rsquo;il s&rsquo;agisse d&rsquo;une piscine d&rsquo;activit\u00e9s ludiques pour les familles ou d&rsquo;une piscine de spa luxueuse et relaxante, il est essentiel que l&rsquo;exp\u00e9rience soit non seulement agr\u00e9able, mais aussi aussi s\u00fbre que possible. <\/p>\n<p><strong>Responsabilit\u00e9 de la direction :<\/strong><br \/>Le directeur de l&rsquo;\u00e9tablissement a la responsabilit\u00e9 globale de la s\u00e9curit\u00e9 des installations de la piscine et contr\u00f4le les dispositifs de s\u00e9curit\u00e9 de la piscine pour s&rsquo;assurer qu&rsquo;ils fonctionnent correctement. Nous veillons \u00e0 ce que le personnel employ\u00e9 pour g\u00e9rer et maintenir la s\u00e9curit\u00e9 des piscines re\u00e7oive la formation appropri\u00e9e pour assumer son r\u00f4le, et \u00e0 ce qu&rsquo;il existe des proc\u00e9dures document\u00e9es \u00e0 suivre pour la gestion des installations de la piscine et la qualit\u00e9 de l&rsquo;eau. <\/p>\n<p><strong>Politique en mati\u00e8re de piscine :<br \/><\/strong>La direction se r\u00e9serve le droit de refuser l&rsquo;utilisation de la piscine \u00e0 toute personne consid\u00e9r\u00e9e comme posant des probl\u00e8mes potentiels de sant\u00e9 et de s\u00e9curit\u00e9 pour les autres h\u00f4tes.<\/p>\n<div id=\"awebChromeHelper\" data-version=\"1.24.2\"><\/div>\n<p>[\/et_pb_accordion_item][et_pb_accordion_item title=\u00a0\u00bbS\u00e9curit\u00e9 alimentaire, HACCP Analyse des risques et ma\u00eetrise des points critiques\u00a0\u00bb _builder_version=\u00a0\u00bb4.27.2&Prime; _module_preset=\u00a0\u00bbdefault\u00a0\u00bb global_colors_info=\u00a0\u00bb{}\u00a0\u00bb open=\u00a0\u00bboff\u00a0\u00bb]<\/p>\n<p>La norme ISO 22000\/2005 d\u00e9finit les exigences relatives \u00e0 un syst\u00e8me de management de la s\u00e9curit\u00e9 des denr\u00e9es alimentaires. Le HACCP est le syst\u00e8me utilis\u00e9 pour identifier, \u00e9valuer et ma\u00eetriser les dangers importants pour la s\u00e9curit\u00e9 alimentaire. L&rsquo;objectif du HACCP est de pr\u00e9venir les probl\u00e8mes potentiels de s\u00e9curit\u00e9 alimentaire.  <\/p>\n<p>Nous apportons la preuve d&rsquo;un processus HACCP et de la conformit\u00e9, en certifiant tous nos \u00e9tablissements en mati\u00e8re de s\u00e9curit\u00e9 alimentaire. Des normes \u00e9lev\u00e9es en mati\u00e8re d&rsquo;hygi\u00e8ne alimentaire sont essentielles pour nos h\u00f4tels. Les maladies d&rsquo;origine alimentaire peuvent \u00eatre facilement \u00e9vit\u00e9es en suivant les proc\u00e9dures de s\u00e9curit\u00e9 alimentaire appropri\u00e9es et en adoptant les meilleures pratiques d&rsquo;hygi\u00e8ne. En suivant un solide programme de s\u00e9curit\u00e9 alimentaire, nous nous assurons que nos clients mutuels ne tombent pas malades et peuvent continuer \u00e0 profiter de leurs vacances.   <\/p>\n<p>Notre \u00e9quipe reconna\u00eet que les zones de production, de stockage et de manipulation des aliments sont maintenues \u00e0 un niveau \u00e9lev\u00e9 de propret\u00e9 et que les aliments sont manipul\u00e9s correctement afin de garantir qu&rsquo;ils ne soient pas contamin\u00e9s pendant leur livraison, leur stockage, leur pr\u00e9paration, leur cuisson, leur r\u00e9chauffage, leur service et leur distribution. L&rsquo;accent est mis sur le fait que l&rsquo;\u00e9quipe de gestion des F&amp;B est responsable du contr\u00f4le de l&rsquo;hygi\u00e8ne et de la s\u00e9curit\u00e9 alimentaires \u00e0 tout moment. Nous disposons de politiques et de proc\u00e9dures strictes que l&rsquo;ensemble du personnel concern\u00e9 comprend et, surtout, a \u00e9t\u00e9 correctement form\u00e9 et supervis\u00e9.  <\/p>\n<p><em>Toute la documentation est facilement accessible et imm\u00e9diatement disponible pour inspection sur demande, et les enregistrements sont conserv\u00e9s pendant une p\u00e9riode raisonnable.<\/em><\/p>\n<p>[\/et_pb_accordion_item][et_pb_accordion_item title=\u00a0\u00bbS\u00e9curit\u00e9 incendie\u00a0\u00bb _builder_version=\u00a0\u00bb4.27.2&Prime; _module_preset=\u00a0\u00bbdefault\u00a0\u00bb global_colors_info=\u00a0\u00bb{}\u00a0\u00bb open=\u00a0\u00bboff\u00a0\u00bb]<\/p>\n<p>Notre direction et le propri\u00e9taire du logement ont la responsabilit\u00e9 globale de la s\u00e9curit\u00e9 du personnel et des clients et contr\u00f4lent les dispositifs de s\u00e9curit\u00e9 incendie de l&rsquo;\u00e9tablissement pour s&rsquo;assurer qu&rsquo;ils fonctionnent correctement. Nos h\u00f4tels sont exploit\u00e9s l\u00e9galement, conform\u00e9ment aux exigences l\u00e9gales de notre pays. Nous disposons d&rsquo;un permis d&rsquo;exploitation valide d\u00e9livr\u00e9 par les autorit\u00e9s locales comp\u00e9tentes et contr\u00f4l\u00e9 par une agence de certification.  <\/p>\n<p>Les incendies touchent des milliers d&rsquo;entreprises chaque ann\u00e9e, entra\u00eenant des blessures, une perte de confiance de la part des clients et des dommages aux b\u00e2timents.<\/p>\n<p>Un programme de pr\u00e9vention et de pr\u00e9paration aux incendies est mis en place afin d&rsquo;\u00e9viter les blessures \u00e0 nos employ\u00e9s, clients et visiteurs, les dommages co\u00fbteux et les amendes potentielles pour notre entreprise.<\/p>\n<p>Nos propri\u00e9t\u00e9s r\u00e9pondent \u00e0 tous les crit\u00e8res techniques et peuvent \u00eatre consid\u00e9r\u00e9es comme acceptables pour l&rsquo;utilisation.<\/p>\n<p>Documentation :<\/p>\n<ul>\n<li>Licence d&rsquo;exploitation<\/li>\n<li>Certificat d&rsquo;incendie<\/li>\n<li>Assurance responsabilit\u00e9 civile (PLI)<\/li>\n<li>Registre d&rsquo;entretien du syst\u00e8me d&rsquo;alarme incendie, du syst\u00e8me d&rsquo;\u00e9clairage de secours, des extincteurs, des d\u00e9vidoirs de tuyaux, des bouches d&rsquo;incendie, de l&rsquo;\u00e9quipement \u00e9lectrique et, le cas \u00e9ch\u00e9ant, des syst\u00e8mes d&rsquo;extinction automatique.<\/li>\n<li>Journal de formation aux proc\u00e9dures d&rsquo;urgence<\/li>\n<li>\u00c9valuation des risques d&rsquo;incendie<\/li>\n<\/ul>\n<div id=\"awebChromeHelper\" data-version=\"1.23.2\"><\/div>\n<p>[\/et_pb_accordion_item][et_pb_accordion_item title=\u00a0\u00bbS\u00e9curit\u00e9 de l&rsquo;eau\u00a0\u00bb _builder_version=\u00a0\u00bb4.27.0&Prime; _module_preset=\u00a0\u00bbdefault\u00a0\u00bb global_colors_info=\u00a0\u00bb{}\u00a0\u00bb open=\u00a0\u00bboff\u00a0\u00bb]<\/p>\n<p>Afin de garantir la sant\u00e9 et la s\u00e9curit\u00e9 de nos h\u00f4tes, nous identifions les mesures et les proc\u00e9dures de s\u00e9curit\u00e9 qui doivent \u00eatre mises en place dans nos \u00e9tablissements, lors de la gestion de l&rsquo;eau tout au long du cycle de r\u00e9ception, de stockage, de distribution et de gestion des eaux us\u00e9es.<\/p>\n<p>Voici quelques conseils et orientations qui pourraient vous \u00eatre utiles lors de l&rsquo;examen de notre plan de s\u00e9curit\u00e9 pour l&rsquo;eau.<\/p>\n<ul>\n<li>Description des syst\u00e8mes de distribution d&rsquo;eau<\/li>\n<li>Analyse des risques dans chaque r\u00e9seau de distribution d&rsquo;eau<\/li>\n<li>Mesures de contr\u00f4le<\/li>\n<li>Contr\u00f4le<\/li>\n<li>V\u00e9rification et validation<\/li>\n<li>Communication et documentation<\/li>\n<\/ul>\n<div id=\"awebChromeHelper\" data-version=\"1.23.2\"><\/div>\n<p>[\/et_pb_accordion_item][et_pb_accordion_item title=\u00a0\u00bbPosi : Pr\u00e9vention de la propagation de l&rsquo;infection\u00a0\u00bb _builder_version=\u00a0\u00bb4.27.2&Prime; _module_preset=\u00a0\u00bbdefault\u00a0\u00bb global_colors_info=\u00a0\u00bb{}\u00a0\u00bb open=\u00a0\u00bboff\u00a0\u00bb]<\/p>\n<p>Notre objectif reste de pr\u00e9venir la propagation de l&rsquo;infection (POSI) d&rsquo;une personne \u00e0 l&rsquo;autre dans nos h\u00f4tels. Les gouvernements nationaux et les organisations telles que l&rsquo;Organisation mondiale de la sant\u00e9 continuent de fournir des conseils sur les meilleures pratiques. <\/p>\n<p>L&rsquo;\u00e9l\u00e9ment cl\u00e9 de l&rsquo;orientation reste, dans la mesure du possible, la pratique de la distanciation sociale et de bonnes pratiques de nettoyage et d&rsquo;hygi\u00e8ne. Le protocole de pr\u00e9vention de la propagation des infections est \u00e9labor\u00e9, mis en \u0153uvre et certifi\u00e9 dans tous les h\u00f4tels et centres de vill\u00e9giature AQUILA. Il existe un certain nombre de contr\u00f4les qui peuvent \u00eatre mis en place ou renforc\u00e9s pour aider \u00e0 r\u00e9duire le risque de propagation de l&rsquo;infection.  <\/p>\n<p>Responsabilit\u00e9 de la direction :<br \/>Dans le cadre des proc\u00e9dures de gestion de la sant\u00e9 et de la s\u00e9curit\u00e9 d&rsquo;un \u00e9tablissement, un syst\u00e8me document\u00e9 de gestion des maladies a \u00e9t\u00e9 mis en place. Notre direction s&rsquo;assure que des proc\u00e9dures de nettoyage r\u00e9guli\u00e8res et continues sont en place pour g\u00e9rer les \u00e9pid\u00e9mies et pr\u00e9venir la propagation des infections dans l&rsquo;\u00e9tablissement. Le personnel de l&rsquo;\u00e9tablissement est form\u00e9 \u00e0 la gestion des maladies et est en mesure de mettre en \u0153uvre les lignes directrices relatives \u00e0 la pr\u00e9vention de la propagation des infections (POSI), le cas \u00e9ch\u00e9ant. La formation dispens\u00e9e, ainsi que les d\u00e9tails de la surveillance du personnel effectu\u00e9e par les gestionnaires de l&rsquo;\u00e9tablissement, sont enregistr\u00e9s pour garantir que les proc\u00e9dures fonctionnent correctement et que la diligence n\u00e9cessaire peut \u00eatre d\u00e9montr\u00e9e en cas d&rsquo;apparition d&rsquo;une maladie.   <\/p>\n<p>Proc\u00e9dures :<br \/>La mise en \u0153uvre du protocole POSI d\u00e9crit les proc\u00e9dures de routine et les contr\u00f4les de pr\u00e9vention de la propagation des infections (POSI) et contribue \u00e0 minimiser les niveaux de risque ou, en cas d&rsquo;\u00e9pid\u00e9mie, \u00e0 ramener les niveaux d&rsquo;\u00e9pid\u00e9mie au niveau de \u00ab\u00a0maladie normale\u00a0\u00bb.<\/p>\n<p>[\/et_pb_accordion_item][et_pb_accordion_item title=\u00a0\u00bbLa maladie du l\u00e9gionnaire\u00a0\u00bb _builder_version=\u00a0\u00bb4.27.0&Prime; _module_preset=\u00a0\u00bbdefault\u00a0\u00bb global_colors_info=\u00a0\u00bb{}\u00a0\u00bb open=\u00a0\u00bboff\u00a0\u00bb]<\/p>\n<p>Un plan de pr\u00e9vention de la l\u00e9gionellose dans l&rsquo;\u00e9tablissement, bas\u00e9 sur, rel\u00e8ve de la responsabilit\u00e9 de l&rsquo;\u00e9quipe de direction, qui a la responsabilit\u00e9 globale de contr\u00f4ler les proc\u00e9dures de pr\u00e9vention de la l\u00e9gionellose et de s&rsquo;assurer qu&rsquo;elles fonctionnent correctement. Le personnel de nos h\u00f4tels est form\u00e9 \u00e0 la gestion de la l\u00e9gionellose. La formation dispens\u00e9e, ainsi que les d\u00e9tails de la surveillance du personnel, effectu\u00e9e par les directeurs d&rsquo;\u00e9tablissement, sont enregistr\u00e9s pour garantir que les proc\u00e9dures fonctionnent correctement et qu&rsquo;elles peuvent \u00eatre d\u00e9montr\u00e9es en cas de besoin.  <\/p>\n<p>[\/et_pb_accordion_item][et_pb_accordion_item title=\u00a0\u00bbPlan en 15 points \/ liste de contr\u00f4le\u00a0\u00bb _builder_version=\u00a0\u00bb4.27.2&Prime; _module_preset=\u00a0\u00bbdefault\u00a0\u00bb global_colors_info=\u00a0\u00bb{}\u00a0\u00bb open=\u00a0\u00bboff\u00a0\u00bb]<\/p>\n<p>Une liste de contr\u00f4le publi\u00e9e par l&rsquo;ECDC, bas\u00e9e sur les informations fournies par nos h\u00f4tels et sp\u00e9cifiquement adapt\u00e9e \u00e0 chaque propri\u00e9t\u00e9, est mise en \u0153uvre. En particulier, le plan de r\u00e9duction des risques en 15 points a \u00e9t\u00e9 pris en compte. Cependant, la liste de contr\u00f4le n&rsquo;est qu&rsquo;un exemple d&rsquo;\u00e9valuation de base et doit \u00eatre adapt\u00e9e \u00e0 chaque site, aux r\u00e9glementations locales et \u00e0 toute autre condition technique sp\u00e9cifique, par exemple l&rsquo;\u00e9nergie solaire.  <\/p>\n<p>[\/et_pb_accordion_item][\/et_pb_accordion][\/et_pb_column][\/et_pb_row][et_pb_row column_structure=\u00a0\u00bb1_3,1_3,1_3&Prime; _builder_version=\u00a0\u00bb4.24.2&Prime; _module_preset=\u00a0\u00bbdefault\u00a0\u00bb background_image=\u00a0\u00bbhttps:\/\/portorethymno.com\/wp-content\/uploads\/2025\/02\/aquila_porto_rethymno_health_and_safety.jpg\u00a0\u00bb parallax=\u00a0\u00bbon\u00a0\u00bb parallax_method=\u00a0\u00bboff\u00a0\u00bb width=\u00a0\u00bb100%\u00a0\u00bb max_width=\u00a0\u00bb2560px\u00a0\u00bb min_height=\u00a0\u00bb780px\u00a0\u00bb custom_margin=\u00a0\u00bb-5px|auto||auto||\u00a0\u00bb locked=\u00a0\u00bboff\u00a0\u00bb global_colors_info=\u00a0\u00bb{}\u00a0\u00bb][et_pb_column type=\u00a0\u00bb1_3&Prime; _builder_version=\u00a0\u00bb4.24.2&Prime; _module_preset=\u00a0\u00bbdefault\u00a0\u00bb global_colors_info=\u00a0\u00bb{}\u00a0\u00bb][\/et_pb_column][et_pb_column type=\u00a0\u00bb1_3&Prime; _builder_version=\u00a0\u00bb4.24.2&Prime; _module_preset=\u00a0\u00bbdefault\u00a0\u00bb global_colors_info=\u00a0\u00bb{}\u00a0\u00bb][\/et_pb_column][et_pb_column type=\u00a0\u00bb1_3&Prime; _builder_version=\u00a0\u00bb4.24.2&Prime; _module_preset=\u00a0\u00bbdefault\u00a0\u00bb global_colors_info=\u00a0\u00bb{}\u00a0\u00bb][\/et_pb_column][\/et_pb_row][\/et_pb_section]<\/p>\n","protected":false},"excerpt":{"rendered":"<p>Sant\u00e9 et s\u00e9curit\u00e9 La sant\u00e9 et la s\u00e9curit\u00e9 de nos clients et de notre personnel sont une priorit\u00e9 absolue pour AQUILA Hotels &amp; Resorts. Nous respectons les normes et r\u00e9glementations locales en mati\u00e8re de s\u00e9curit\u00e9, de sant\u00e9, d&rsquo;hygi\u00e8ne et de s\u00fbret\u00e9. Nous utilisons l&rsquo;\u00e9valuation des risques pour identifier et g\u00e9rer activement les risques li\u00e9s \u00e0 [&hellip;]<\/p>\n","protected":false},"author":2,"featured_media":0,"parent":0,"menu_order":0,"comment_status":"closed","ping_status":"closed","template":"","meta":{"_et_pb_use_builder":"on","_et_pb_old_content":"","_et_gb_content_width":"","footnotes":""},"class_list":["post-1950","page","type-page","status-publish","hentry"],"_links":{"self":[{"href":"https:\/\/portorethymno.com\/fr\/wp-json\/wp\/v2\/pages\/1950","targetHints":{"allow":["GET"]}}],"collection":[{"href":"https:\/\/portorethymno.com\/fr\/wp-json\/wp\/v2\/pages"}],"about":[{"href":"https:\/\/portorethymno.com\/fr\/wp-json\/wp\/v2\/types\/page"}],"author":[{"embeddable":true,"href":"https:\/\/portorethymno.com\/fr\/wp-json\/wp\/v2\/users\/2"}],"replies":[{"embeddable":true,"href":"https:\/\/portorethymno.com\/fr\/wp-json\/wp\/v2\/comments?post=1950"}],"version-history":[{"count":8,"href":"https:\/\/portorethymno.com\/fr\/wp-json\/wp\/v2\/pages\/1950\/revisions"}],"predecessor-version":[{"id":4713,"href":"https:\/\/portorethymno.com\/fr\/wp-json\/wp\/v2\/pages\/1950\/revisions\/4713"}],"wp:attachment":[{"href":"https:\/\/portorethymno.com\/fr\/wp-json\/wp\/v2\/media?parent=1950"}],"curies":[{"name":"wp","href":"https:\/\/api.w.org\/{rel}","templated":true}]}}