{"id":2013,"date":"2025-02-15T18:06:04","date_gmt":"2025-02-15T18:06:04","guid":{"rendered":"https:\/\/portorethymno.com\/premium-alles-inklusive\/"},"modified":"2025-06-05T18:29:11","modified_gmt":"2025-06-05T18:29:11","slug":"premium-alles-inklusive","status":"publish","type":"page","link":"https:\/\/portorethymno.com\/de\/premium-alles-inklusive\/","title":{"rendered":"PREMIUM ALLES INKLUSIVE"},"content":{"rendered":"<p>[et_pb_section fb_built=&#8220;1&#8243; _builder_version=&#8220;4.27.2&#8243; _module_preset=&#8220;default&#8220; background_color=&#8220;#FFFFFF&#8220; background_enable_image=&#8220;off&#8220; background_blend=&#8220;overlay&#8220; min_height=&#8220;376.4px&#8220; custom_margin=&#8220;0px||0px||false|false&#8220; custom_padding=&#8220;0px||0px||false|false&#8220; locked=&#8220;off&#8220; global_colors_info=&#8220;{}&#8220;][et_pb_row _builder_version=&#8220;4.27.2&#8243; _module_preset=&#8220;default&#8220; width_tablet=&#8220;&#8220; width_phone=&#8220;90%&#8220; width_last_edited=&#8220;on|phone&#8220; custom_margin=&#8220;0px||0px||false|false&#8220; custom_padding=&#8220;120px||120px||false|false&#8220; global_colors_info=&#8220;{}&#8220;][et_pb_column type=&#8220;4_4&#8243; _builder_version=&#8220;4.24.3&#8243; _module_preset=&#8220;default&#8220; global_colors_info=&#8220;{}&#8220;][et_pb_text _builder_version=&#8220;4.27.0&#8243; _module_preset=&#8220;_initial&#8220; text_font=&#8220;|||on|||||&#8220; custom_margin_tablet=&#8220;&#8220; custom_margin_phone=&#8220;&#8220; custom_margin_last_edited=&#8220;on|desktop&#8220; global_colors_info=&#8220;{}&#8220;]<\/p>\n<p style=\"text-align: center;\">Die Kunst des All-Inclusive-Lebens<\/p>\n<p>[\/et_pb_text][et_pb_text module_class=&#8220;et_pb_slide_titleDifference&#8220; _builder_version=&#8220;4.27.4&#8243; _module_preset=&#8220;_initial&#8220; text_font=&#8220;||||||||&#8220; text_text_color=&#8220;#000000&#8243; text_font_size=&#8220;36px&#8220; text_letter_spacing=&#8220;1px&#8220; text_line_height=&#8220;1em&#8220; header_line_height=&#8220;1.1em&#8220; custom_margin=&#8220;0px||30px||false|false&#8220; custom_margin_tablet=&#8220;0px||30px||false|false&#8220; custom_margin_phone=&#8220;0px||30px||false|false&#8220; custom_margin_last_edited=&#8220;on|desktop&#8220; global_colors_info=&#8220;{}&#8220;]<\/p>\n<p style=\"text-align: center;\">Premium Alles Inklusive<\/p>\n<div id=\"awebChromeHelper\" data-version=\"1.24.2\"><\/div>\n<p>[\/et_pb_text][et_pb_text _builder_version=&#8220;4.27.4&#8243; _module_preset=&#8220;_initial&#8220; custom_margin_tablet=&#8220;&#8220; custom_margin_phone=&#8220;&#8220; custom_margin_last_edited=&#8220;on|desktop&#8220; hover_enabled=&#8220;0&#8243; global_colors_info=&#8220;{}&#8220; sticky_enabled=&#8220;0&#8243;]<\/p>\n<p style=\"text-align: center;\">Unser Premium All-Inclusive-Plan bietet eine Welt der kulinarischen Freiheit, gehobene Erlebnisse und die Garantie der ber\u00fchmten kretischen Gastfreundschaft. Genie\u00dfen Sie die Freiheit eines All-Inclusive-Aufenthalts im Aquila Porto Rethymno am preisgekr\u00f6nten Strand von Rethymno. Hier ist jedes Detail darauf ausgerichtet, Ihr Vergn\u00fcgen zu steigern. Unser Premium-All-Inclusive-Plan bietet eine ausgew\u00e4hlte Auswahl an kulinarischen K\u00f6stlichkeiten, von \u00fcppigen Buffets mit internationalen und lokalen Geschmacksrichtungen bis hin zu exquisiten \u00c0-la-carte-Gerichten und Themenabenden sowie einem Gala-Dinner-Abend. Lassen Sie die Seele baumeln und genie\u00dfen Sie jeden Moment mit der Ruhe, die Ihnen unser Premium All-Inclusive-Plan bietet, zusammen mit der Herzlichkeit und Gro\u00dfz\u00fcgigkeit der authentischen kretischen Gastfreundschaft.<\/p>\n<p>[\/et_pb_text][\/et_pb_column][\/et_pb_row][\/et_pb_section][et_pb_section fb_built=&#8220;1&#8243; _builder_version=&#8220;4.27.0&#8243; _module_preset=&#8220;default&#8220; custom_margin=&#8220;0px||0px||false|false&#8220; custom_padding=&#8220;0px||0px||false|false&#8220; global_colors_info=&#8220;{}&#8220;][et_pb_row column_structure=&#8220;1_3,1_3,1_3&#8243; _builder_version=&#8220;4.27.2&#8243; _module_preset=&#8220;default&#8220; width_tablet=&#8220;&#8220; width_phone=&#8220;90%&#8220; width_last_edited=&#8220;on|desktop&#8220; max_width=&#8220;2560px&#8220; custom_margin=&#8220;0px||0px||false|false&#8220; custom_padding=&#8220;0px||120px||false|false&#8220; locked=&#8220;off&#8220; global_colors_info=&#8220;{}&#8220;][et_pb_column type=&#8220;1_3&#8243; _builder_version=&#8220;4.27.0&#8243; _module_preset=&#8220;default&#8220; global_colors_info=&#8220;{}&#8220;][et_pb_image src=&#8220;https:\/\/portorethymno.com\/wp-content\/uploads\/2025\/02\/1_aquila_porto_rethymno_premium_all_inclusive_dining.jpg&#8220; title_text=&#8220;1_aquila_porto_rethymno_premium_all_inclusive_dining&#8220; _builder_version=&#8220;4.24.2&#8243; _module_preset=&#8220;default&#8220; custom_margin=&#8220;0px|0px|30px|0px|false|false&#8220; custom_padding=&#8220;0px|0px|0px|0px|false|false&#8220; scroll_vertical_motion=&#8220;0|70|70|100|4|0|-4&#8243; locked=&#8220;off&#8220; global_colors_info=&#8220;{}&#8220;][\/et_pb_image][et_pb_text _builder_version=&#8220;4.27.0&#8243; _module_preset=&#8220;_initial&#8220; custom_margin=&#8220;||10px||false|false&#8220; custom_margin_tablet=&#8220;||10px||false|false&#8220; custom_margin_phone=&#8220;||10px||false|false&#8220; custom_margin_last_edited=&#8220;on|desktop&#8220; global_colors_info=&#8220;{}&#8220;]Genie\u00dfen Sie den ganzen Tag \u00fcber den Zugang zu verschiedenen Restaurants, lassen Sie sich von der t\u00e4glich aufgef\u00fcllten Minibar im Zimmer verw\u00f6hnen und nehmen Sie an einer Reihe von Themenveranstaltungen und Galadiners teil.[\/et_pb_text][\/et_pb_column][et_pb_column type=&#8220;1_3&#8243; _builder_version=&#8220;4.27.0&#8243; _module_preset=&#8220;default&#8220; global_colors_info=&#8220;{}&#8220;][et_pb_image src=&#8220;https:\/\/portorethymno.com\/wp-content\/uploads\/2025\/02\/2_aquila_porto_rethymno_premium_all_inclusive_drinks.jpg&#8220; title_text=&#8220;2_aquila_porto_rethymno_premium_all_inclusive_getr\u00e4nke&#8220; _builder_version=&#8220;4.24.2&#8243; _module_preset=&#8220;default&#8220; custom_margin=&#8220;0px|0px|30px|0px|false|false&#8220; custom_padding=&#8220;0px|0px|0px|0px|false|false&#8220; scroll_vertical_motion=&#8220;0|70|70|100|4|0|-4&#8243; locked=&#8220;off&#8220; global_colors_info=&#8220;{}&#8220;][\/et_pb_image][et_pb_text _builder_version=&#8220;4.27.0&#8243; _module_preset=&#8220;_initial&#8220; custom_margin=&#8220;||10px||false|false&#8220; custom_margin_tablet=&#8220;||10px||false|false&#8220; custom_margin_phone=&#8220;||10px||false|false&#8220; custom_margin_last_edited=&#8220;on|desktop&#8220; global_colors_info=&#8220;{}&#8220;]<\/p>\n<p>Genie\u00dfen Sie eine unbegrenzte Auswahl aus unserer erstklassigen Getr\u00e4nkekarte mit handgefertigten Cocktails, erlesenen Weinen und erfrischenden alkoholfreien Optionen.<\/p>\n<p>[\/et_pb_text][\/et_pb_column][et_pb_column type=&#8220;1_3&#8243; _builder_version=&#8220;4.27.0&#8243; _module_preset=&#8220;default&#8220; global_colors_info=&#8220;{}&#8220;][et_pb_image src=&#8220;https:\/\/portorethymno.com\/wp-content\/uploads\/2025\/02\/3_aquila_porto_rethymno_premium_all_inclusive_discounts.jpg&#8220; title_text=&#8220;3_aquila_porto_rethymno_premium_all_inclusive_discounts&#8220; _builder_version=&#8220;4.24.2&#8243; _module_preset=&#8220;default&#8220; custom_margin=&#8220;0px|0px|30px|0px|false|false&#8220; custom_padding=&#8220;0px|0px|0px|0px|false|false&#8220; scroll_vertical_motion=&#8220;0|70|70|100|4|0|-4&#8243; locked=&#8220;off&#8220; global_colors_info=&#8220;{}&#8220;][\/et_pb_image][et_pb_text _builder_version=&#8220;4.27.4&#8243; _module_preset=&#8220;_initial&#8220; custom_margin=&#8220;||10px||false|false&#8220; custom_margin_tablet=&#8220;||10px||false|false&#8220; custom_margin_phone=&#8220;||10px||false|false&#8220; custom_margin_last_edited=&#8220;on|desktop&#8220; global_colors_info=&#8220;{}&#8220;]Premium-All-Inclusive-G\u00e4ste erhalten 25 % Rabatt auf Spirituosen, Weine und Speisen, die nicht bereits in Ihrem gew\u00e4hlten Programm enthalten sind \u2013 in all unseren Bars und Restaurants.[\/et_pb_text][\/et_pb_column][\/et_pb_row][et_pb_row column_structure=&#8220;1_3,1_3,1_3&#8243; _builder_version=&#8220;4.24.2&#8243; _module_preset=&#8220;default&#8220; background_image=&#8220;https:\/\/portorethymno.com\/wp-content\/uploads\/2025\/02\/aquila_porto_rethymno_premium_all_inclusive_.jpg&#8220; parallax=&#8220;on&#8220; parallax_method=&#8220;off&#8220; width=&#8220;100%&#8220; max_width=&#8220;2560px&#8220; min_height=&#8220;780px&#8220; custom_margin=&#8220;0px|auto||auto|false|false&#8220; locked=&#8220;off&#8220; global_colors_info=&#8220;{}&#8220;][et_pb_column type=&#8220;1_3&#8243; _builder_version=&#8220;4.24.2&#8243; _module_preset=&#8220;default&#8220; global_colors_info=&#8220;{}&#8220;][\/et_pb_column][et_pb_column type=&#8220;1_3&#8243; _builder_version=&#8220;4.24.2&#8243; _module_preset=&#8220;default&#8220; global_colors_info=&#8220;{}&#8220;][\/et_pb_column][et_pb_column type=&#8220;1_3&#8243; _builder_version=&#8220;4.24.2&#8243; _module_preset=&#8220;default&#8220; global_colors_info=&#8220;{}&#8220;][\/et_pb_column][\/et_pb_row][\/et_pb_section][et_pb_section fb_built=&#8220;1&#8243; disabled_on=&#8220;off|off|on&#8220; module_class=&#8220;stickyBook&#8220; _builder_version=&#8220;4.27.2&#8243; _module_preset=&#8220;default&#8220; background_color=&#8220;#b6a486&#8243; custom_margin=&#8220;0px||0px||false|false&#8220; custom_padding=&#8220;0px||0px||false|false&#8220; locked=&#8220;off&#8220; global_colors_info=&#8220;{}&#8220;][et_pb_row _builder_version=&#8220;4.27.0&#8243; _module_preset=&#8220;default&#8220; custom_margin=&#8220;0px||0px||false|false&#8220; custom_padding=&#8220;10px||10px||false|false&#8220; global_colors_info=&#8220;{}&#8220;][et_pb_column type=&#8220;4_4&#8243; _builder_version=&#8220;4.27.0&#8243; _module_preset=&#8220;default&#8220; global_colors_info=&#8220;{}&#8220;][et_pb_button button_url=&#8220;@ET-DC@eyJkeW5hbWljIjp0cnVlLCJjb250ZW50IjoicG9zdF9saW5rX3VybF9wYWdlIiwic2V0dGluZ3MiOnsicG9zdF9pZCI6IjI1NDAifX0=@&#8220; button_text=&#8220;Preise pr\u00fcfen&#8220; button_alignment=&#8220;center&#8220; admin_label=&#8220;Button&#8220; _builder_version=&#8220;4.27.2&#8243; _dynamic_attributes=&#8220;button_url&#8220; _module_preset=&#8220;default&#8220; custom_button=&#8220;on&#8220; button_text_size=&#8220;17px&#8220; button_text_color=&#8220;#FFFFFF&#8220; button_bg_color=&#8220;#b6a486&#8243; button_border_color=&#8220;rgba(182,164,134,0.66)&#8220; custom_margin=&#8220;0px||0px||false|false&#8220; locked=&#8220;off&#8220; global_colors_info=&#8220;{}&#8220;][\/et_pb_button][\/et_pb_column][\/et_pb_row][\/et_pb_section]<\/p>\n","protected":false},"excerpt":{"rendered":"<p>Die Kunst des All-Inclusive-LebensPremium Alles Inklusive Unser Premium All-Inclusive-Plan bietet eine Welt der kulinarischen Freiheit, gehobene Erlebnisse und die Garantie der ber\u00fchmten kretischen Gastfreundschaft. Genie\u00dfen Sie die Freiheit eines All-Inclusive-Aufenthalts im Aquila Porto Rethymno am preisgekr\u00f6nten Strand von Rethymno. Hier ist jedes Detail darauf ausgerichtet, Ihr Vergn\u00fcgen zu steigern. Unser Premium-All-Inclusive-Plan bietet eine ausgew\u00e4hlte Auswahl [&hellip;]<\/p>\n","protected":false},"author":2,"featured_media":0,"parent":0,"menu_order":0,"comment_status":"closed","ping_status":"closed","template":"","meta":{"_et_pb_use_builder":"on","_et_pb_old_content":"","_et_gb_content_width":"","footnotes":""},"class_list":["post-2013","page","type-page","status-publish","hentry"],"_links":{"self":[{"href":"https:\/\/portorethymno.com\/de\/wp-json\/wp\/v2\/pages\/2013","targetHints":{"allow":["GET"]}}],"collection":[{"href":"https:\/\/portorethymno.com\/de\/wp-json\/wp\/v2\/pages"}],"about":[{"href":"https:\/\/portorethymno.com\/de\/wp-json\/wp\/v2\/types\/page"}],"author":[{"embeddable":true,"href":"https:\/\/portorethymno.com\/de\/wp-json\/wp\/v2\/users\/2"}],"replies":[{"embeddable":true,"href":"https:\/\/portorethymno.com\/de\/wp-json\/wp\/v2\/comments?post=2013"}],"version-history":[{"count":7,"href":"https:\/\/portorethymno.com\/de\/wp-json\/wp\/v2\/pages\/2013\/revisions"}],"predecessor-version":[{"id":4951,"href":"https:\/\/portorethymno.com\/de\/wp-json\/wp\/v2\/pages\/2013\/revisions\/4951"}],"wp:attachment":[{"href":"https:\/\/portorethymno.com\/de\/wp-json\/wp\/v2\/media?parent=2013"}],"curies":[{"name":"wp","href":"https:\/\/api.w.org\/{rel}","templated":true}]}}