{"id":1750,"date":"2025-02-04T21:52:29","date_gmt":"2025-02-04T21:52:29","guid":{"rendered":"https:\/\/portorethymno.com\/classic-zimmer-poolblick\/"},"modified":"2026-01-22T14:23:12","modified_gmt":"2026-01-22T14:23:12","slug":"classic-zimmer-poolblick","status":"publish","type":"page","link":"https:\/\/portorethymno.com\/de\/classic-zimmer-poolblick\/","title":{"rendered":"Classic Zimmer, Poolblick"},"content":{"rendered":"<p>[et_pb_section fb_built=&#8220;1&#8243; _builder_version=&#8220;4.26.0&#8243; _module_preset=&#8220;default&#8220; background_color=&#8220;#f3eee7&#8243; custom_margin=&#8220;-140px||||false|false&#8220; custom_padding=&#8220;0px||0px|||&#8220; global_colors_info=&#8220;{}&#8220;][et_pb_row _builder_version=&#8220;4.24.3&#8243; _module_preset=&#8220;default&#8220; width=&#8220;100%&#8220; max_width=&#8220;2560px&#8220; custom_padding=&#8220;0px||0px|||&#8220; global_colors_info=&#8220;{}&#8220;][et_pb_column type=&#8220;4_4&#8243; _builder_version=&#8220;4.24.3&#8243; _module_preset=&#8220;default&#8220; global_colors_info=&#8220;{}&#8220;][et_pb_slider _builder_version=&#8220;4.27.5&#8243; _module_preset=&#8220;default&#8220; header_text_color=&#8220;#FFFFFF&#8220; header_letter_spacing=&#8220;1px&#8220; body_text_color=&#8220;#FFFFFF&#8220; background_enable_image=&#8220;off&#8220; background_position=&#8220;bottom_center&#8220; min_height=&#8220;930px&#8220; min_height_tablet=&#8220;500px&#8220; min_height_phone=&#8220;400px&#8220; min_height_last_edited=&#8220;on|desktop&#8220; hover_enabled=&#8220;0&#8243; locked=&#8220;off&#8220; global_colors_info=&#8220;{}&#8220; sticky_enabled=&#8220;0&#8243;][et_pb_slide _builder_version=&#8220;4.27.5&#8243; _module_preset=&#8220;default&#8220; background_image=&#8220;https:\/\/portorethymno.com\/wp-content\/uploads\/2026\/01\/Porto_Rethymno_Classic_Room_Pool_View_listing.jpg&#8220; background_enable_image=&#8220;on&#8220; parallax=&#8220;on&#8220; width=&#8220;100%&#8220; hover_enabled=&#8220;0&#8243; locked=&#8220;off&#8220; global_colors_info=&#8220;{}&#8220; sticky_transition=&#8220;on&#8220; title_text=&#8220;Porto_Rethymno_Classic_Room_Pool_View_listing&#8220; sticky_enabled=&#8220;0&#8243;][\/et_pb_slide][\/et_pb_slider][\/et_pb_column][\/et_pb_row][\/et_pb_section][et_pb_section fb_built=&#8220;1&#8243; _builder_version=&#8220;4.26.0&#8243; _module_preset=&#8220;default&#8220; background_color=&#8220;#f3eee7&#8243; custom_margin=&#8220;0px||0px||false|false&#8220; custom_padding=&#8220;100px||2px||false|false&#8220; global_colors_info=&#8220;{}&#8220;][et_pb_row _builder_version=&#8220;4.24.2&#8243; _module_preset=&#8220;default&#8220; width=&#8220;70%&#8220; width_tablet=&#8220;&#8220; width_phone=&#8220;90%&#8220; width_last_edited=&#8220;on|phone&#8220; max_width=&#8220;2560px&#8220; custom_padding=&#8220;0px||1px|||&#8220; global_colors_info=&#8220;{}&#8220;][et_pb_column type=&#8220;4_4&#8243; _builder_version=&#8220;4.26.0&#8243; _module_preset=&#8220;default&#8220; global_colors_info=&#8220;{}&#8220;][et_pb_text module_class=&#8220;italiana-regular&#8220; _builder_version=&#8220;4.24.2&#8243; _module_preset=&#8220;_initial&#8220; text_text_color=&#8220;#313131&#8243; text_font_size=&#8220;32px&#8220; text_line_height=&#8220;1.2em&#8220; min_height=&#8220;43.8px&#8220; custom_margin=&#8220;||30px||false|false&#8220; custom_margin_tablet=&#8220;||30px||false|false&#8220; custom_margin_phone=&#8220;||30px||false|false&#8220; custom_margin_last_edited=&#8220;on|desktop&#8220; custom_padding=&#8220;||||false|false&#8220; locked=&#8220;off&#8220; global_colors_info=&#8220;{}&#8220;]<\/p>\n<p>Classic Zimmer, Poolblick<\/p>\n<p>[\/et_pb_text][\/et_pb_column][\/et_pb_row][et_pb_row column_structure=&#8220;3_5,2_5&#8243; _builder_version=&#8220;4.27.0&#8243; _module_preset=&#8220;default&#8220; width=&#8220;70%&#8220; width_tablet=&#8220;&#8220; width_phone=&#8220;90%&#8220; width_last_edited=&#8220;on|phone&#8220; max_width=&#8220;2560px&#8220; custom_padding=&#8220;0px||50px||false|false&#8220; global_colors_info=&#8220;{}&#8220;][et_pb_column type=&#8220;3_5&#8243; _builder_version=&#8220;4.26.0&#8243; _module_preset=&#8220;default&#8220; global_colors_info=&#8220;{}&#8220;][et_pb_text _builder_version=&#8220;4.24.2&#8243; _module_preset=&#8220;_initial&#8220; custom_margin_tablet=&#8220;&#8220; custom_margin_phone=&#8220;&#8220; custom_margin_last_edited=&#8220;on|desktop&#8220; global_colors_info=&#8220;{}&#8220;]Mit einem beruhigenden Blick auf unseren glitzernden Pool l\u00e4dt dieses Classic Zimmer zur Entspannung in einer hellen Atmosph\u00e4re ein. Modernes Mobiliar und coole Atmosph\u00e4re schaffen eine Oase des Komforts und der Gastfreundschaft und sorgen f\u00fcr einen ganz besonderen Aufenthalt. [\/et_pb_text][et_pb_button button_url=&#8220;https:\/\/aquilaportorethymno.reserve-online.net\/?_gl=1*9j01r9*_gcl_au*NDU0ODk3ODgwLjE3MzM3NzkwNTg.*_ga*MzY0NjIyNDIzLjE3MTc3MDMyODI.*_ga_RYFE5QR54Q*MTczOTA5MTc1My4yMi4wLjE3MzkwOTE3NTMuNjAuMC4w&#038;_ga=2.76277461.1745544356.1739016963-364622423.1717703282&#8243; url_new_window=&#8220;on&#8220; button_text=&#8220;Preise pr\u00fcfen&#8220; admin_label=&#8220;Button&#8220; module_class=&#8220;fullwidthBTN&#8220; _builder_version=&#8220;4.27.4&#8243; _module_preset=&#8220;default&#8220; custom_button=&#8220;on&#8220; button_text_size=&#8220;17px&#8220; button_text_color=&#8220;#FFFFFF&#8220; button_bg_color=&#8220;rgba(182,164,134,0.66)&#8220; button_border_color=&#8220;rgba(182,164,134,0.66)&#8220; custom_margin=&#8220;70px||0px||false|false&#8220; custom_margin_tablet=&#8220;90px||0px||false|false&#8220; custom_margin_phone=&#8220;0px||||false|false&#8220; custom_margin_last_edited=&#8220;on|desktop&#8220; custom_padding=&#8220;||||false|false&#8220; locked=&#8220;off&#8220; global_colors_info=&#8220;{}&#8220;][\/et_pb_button][\/et_pb_column][et_pb_column type=&#8220;2_5&#8243; _builder_version=&#8220;4.26.0&#8243; _module_preset=&#8220;default&#8220; global_colors_info=&#8220;{}&#8220;][et_pb_text _builder_version=&#8220;4.24.2&#8243; _module_preset=&#8220;_initial&#8220; text_line_height=&#8220;2.3em&#8220; custom_margin=&#8220;||-1px|||&#8220; custom_margin_tablet=&#8220;||-1px|||&#8220; custom_margin_phone=&#8220;||-1px|||&#8220; custom_margin_last_edited=&#8220;on|desktop&#8220; custom_padding=&#8220;0px||9px||false|false&#8220; border_radii=&#8220;on|1px|1px|1px|1px&#8220; border_width_bottom=&#8220;1px&#8220; border_color_bottom=&#8220;#b6a486&#8243; global_colors_info=&#8220;{}&#8220;]<\/p>\n<p><strong><img decoding=\"async\" src=\"https:\/\/portorethymno.com\/wp-content\/uploads\/2025\/02\/eye-1.png\" width=\"16\" height=\"16\" alt=\"\" class=\"wp-image-1759 alignnone size-full\"><\/strong>  Poolblick<br \/><img decoding=\"async\" src=\"https:\/\/portorethymno.com\/wp-content\/uploads\/2025\/02\/A-adult.png\" width=\"16\" height=\"16\" alt=\"\" class=\"wp-image-1759 alignnone size-full\"> Maximal 3 Erwachsene<br \/><img decoding=\"async\" src=\"https:\/\/portorethymno.com\/wp-content\/uploads\/2025\/02\/a-arrow.png\" width=\"16\" height=\"16\" alt=\"\" class=\"wp-image-1759 alignnone size-full\"> 27 m\u00b2<br \/><img decoding=\"async\" src=\"https:\/\/portorethymno.com\/wp-content\/uploads\/2025\/02\/a-bed.png\" width=\"16\" height=\"16\" alt=\"\" class=\"wp-image-1759 alignnone size-full\"> Einzelbetten \/ Kingsize-Bett<\/p>\n<p>[\/et_pb_text][et_pb_button button_url=&#8220;https:\/\/portorethymno.com\/wp-content\/uploads\/2025\/02\/Porto_Rethymno_Classic_Room_Pool_View_Floor_Plan.jpg&#8220; url_new_window=&#8220;on&#8220; button_text=&#8220;Ansicht Grundriss&#8220; _builder_version=&#8220;4.24.2&#8243; _module_preset=&#8220;default&#8220; custom_button=&#8220;on&#8220; button_text_size=&#8220;14px&#8220; button_text_color=&#8220;#b6a486&#8243; button_bg_color=&#8220;RGBA(255,255,255,0)&#8220; button_border_color=&#8220;#b6a486&#8243; button_icon=&#8220;&#x22;||divi||400&#8243; button_icon_color=&#8220;#b6a486&#8243; button_on_hover=&#8220;off&#8220; custom_margin=&#8220;16px||15px||false|false&#8220; global_colors_info=&#8220;{}&#8220;][\/et_pb_button][\/et_pb_column][\/et_pb_row][et_pb_row _builder_version=&#8220;4.24.2&#8243; _module_preset=&#8220;default&#8220; background_color=&#8220;RGBA(255,255,255,0)&#8220; width=&#8220;100%&#8220; width_tablet=&#8220;70%&#8220; width_phone=&#8220;90%&#8220; width_last_edited=&#8220;on|desktop&#8220; max_width=&#8220;2560px&#8220; custom_padding=&#8220;0px|||||&#8220; global_colors_info=&#8220;{}&#8220;][et_pb_column type=&#8220;4_4&#8243; _builder_version=&#8220;4.26.0&#8243; _module_preset=&#8220;default&#8220; global_colors_info=&#8220;{}&#8220;][et_pb_text _builder_version=&#8220;4.24.2&#8243; _module_preset=&#8220;_initial&#8220; custom_margin_tablet=&#8220;&#8220; custom_margin_phone=&#8220;&#8220; custom_margin_last_edited=&#8220;on|desktop&#8220; global_colors_info=&#8220;{}&#8220;]<\/p>\n<div id=\"metaslider-id-582\" style=\"width: 100%;\" class=\"ml-slider-3-108-0 metaslider metaslider-flex metaslider-582 ml-slider has-carousel-mode ms-theme-default-base nav-hidden\" role=\"region\" aria-label=\"Classic Room, Pool View\" data-height=\"500\" data-width=\"700\">\n    <div id=\"metaslider_container_582\">\n        <div id=\"metaslider_582\">\n            <ul class='slides'>\n                <li style=\"display: none; width: 100%;\" class=\"slide-6746 ms-image \" aria-roledescription=\"slide\" data-date=\"2026-01-03 15:29:43\" data-filename=\"Porto_Rethymno_Classic_Room_Pool_View_1.jpg\" data-slide-type=\"image\"><img decoding=\"async\" src=\"https:\/\/portorethymno.com\/wp-content\/uploads\/2026\/01\/Porto_Rethymno_Classic_Room_Pool_View_1.jpg\" height=\"500\" width=\"700\" alt=\"\" class=\"slider-582 slide-6746 msDefaultImage\" title=\"Porto_Rethymno_Classic_Room_Pool_View_1\" \/><\/li>\n                <li style=\"display: none; width: 100%;\" class=\"slide-6887 ms-image \" aria-roledescription=\"slide\" data-date=\"2026-01-23 22:48:57\" data-filename=\"L20083201-700x500.jpg\" data-slide-type=\"image\"><img decoding=\"async\" src=\"https:\/\/portorethymno.com\/wp-content\/uploads\/2026\/01\/L20083201-700x500.jpg\" height=\"500\" width=\"700\" alt=\"\" class=\"slider-582 slide-6887 msDefaultImage\" \/><\/li>\n                <li style=\"display: none; width: 100%;\" class=\"slide-605 ms-image \" aria-roledescription=\"slide\" data-date=\"2025-02-09 10:58:11\" data-filename=\"L20082461-700x500.jpg\" data-slide-type=\"image\"><img decoding=\"async\" src=\"https:\/\/portorethymno.com\/wp-content\/uploads\/2026\/01\/L20082461-700x500.jpg\" height=\"500\" width=\"700\" alt=\"\" class=\"slider-582 slide-605 msDefaultImage\" \/><\/li>\n                <li style=\"display: none; width: 100%;\" class=\"slide-604 ms-image \" aria-roledescription=\"slide\" data-date=\"2025-02-09 10:58:11\" data-filename=\"Porto_Rethymno_Classic_Room_Pool_View_3.jpg\" data-slide-type=\"image\"><img decoding=\"async\" src=\"https:\/\/portorethymno.com\/wp-content\/uploads\/2026\/01\/Porto_Rethymno_Classic_Room_Pool_View_3.jpg\" height=\"500\" width=\"700\" alt=\"\" class=\"slider-582 slide-604 msDefaultImage\" title=\"Porto_Rethymno_Classic_Room_Pool_View_3\" \/><\/li>\n            <\/ul>\n        <\/div>\n        \n    <\/div>\n<\/div>\n<p>[\/et_pb_text][\/et_pb_column][\/et_pb_row][\/et_pb_section][et_pb_section fb_built=&#8220;1&#8243; _builder_version=&#8220;4.26.0&#8243; _module_preset=&#8220;default&#8220; custom_padding=&#8220;50px||50px||false|false&#8220; global_colors_info=&#8220;{}&#8220;][et_pb_row _builder_version=&#8220;4.27.0&#8243; _module_preset=&#8220;default&#8220; background_color=&#8220;#FFFFFF&#8220; width=&#8220;70%&#8220; width_tablet=&#8220;&#8220; width_phone=&#8220;90%&#8220; width_last_edited=&#8220;on|phone&#8220; max_width=&#8220;2560px&#8220; custom_margin=&#8220;||||false|false&#8220; custom_padding=&#8220;||||false|false&#8220; global_colors_info=&#8220;{}&#8220;][et_pb_column type=&#8220;4_4&#8243; _builder_version=&#8220;4.24.3&#8243; _module_preset=&#8220;default&#8220; global_colors_info=&#8220;{}&#8220;][et_pb_text module_class=&#8220;et_pb_slide_titleDifference&#8220; _builder_version=&#8220;4.27.0&#8243; _module_preset=&#8220;_initial&#8220; text_text_color=&#8220;#313131&#8243; text_font_size=&#8220;26px&#8220; text_letter_spacing=&#8220;1px&#8220; text_line_height=&#8220;1.5em&#8220; custom_margin=&#8220;0px|0px|0px|0px|false|false&#8220; custom_margin_tablet=&#8220;0px|0px|0px|0px|false|false&#8220; custom_margin_phone=&#8220;0px|0px|0px|0px|false|false&#8220; custom_margin_last_edited=&#8220;on|desktop&#8220; custom_padding=&#8220;0px|0px|0px|0px|false|false&#8220; locked=&#8220;off&#8220; global_colors_info=&#8220;{}&#8220;]<\/p>\n<p>Alle Aufenthalte beinhalten<\/p>\n<p>[\/et_pb_text][et_pb_text _builder_version=&#8220;4.27.4&#8243; _module_preset=&#8220;_initial&#8220; custom_margin=&#8220;0px|0px|0px|0px|false|false&#8220; custom_margin_tablet=&#8220;0px|0px|0px|0px|false|false&#8220; custom_margin_phone=&#8220;0px|0px|0px|0px|false|false&#8220; custom_margin_last_edited=&#8220;on|desktop&#8220; custom_padding=&#8220;0px|0px|0px|0px|false|false&#8220; global_colors_info=&#8220;{}&#8220;]<\/p>\n<ul>\n<li>Ausgew\u00e4hlte Toilettenartikel und Badutensilien<\/li>\n<li>Badem\u00e4ntel<\/li>\n<li>Haartrockner<\/li>\n<li>Wahl des Kissens<\/li>\n<li>Strandt\u00fccher<\/li>\n<li>Tee-\/Kaffeekocher<\/li>\n<li>Bankschlie\u00dffach<\/li>\n<li>Direktwahl-Telefon<\/li>\n<li>Satelliten-LCD-Flachbildschirm-TV mit integriertem Radio und Musikkan\u00e4len<\/li>\n<li>Minibar<\/li>\n<li>Klimatisierung\/Heizung<\/li>\n<li><span style=\"font-size: 16px;\">Willkommensgru\u00df bei der Ankunft<\/span><\/li>\n<li>Zugang zu allen Freizeiteinrichtungen wie dem beheizten Innenpool, der Sauna, dem Fitnessraum, dem Tennisplatz und dem Whirlpool im Freien<\/li>\n<\/ul>\n<p>[\/et_pb_text][\/et_pb_column][\/et_pb_row][\/et_pb_section][et_pb_section fb_built=&#8220;1&#8243; _builder_version=&#8220;4.26.0&#8243; _module_preset=&#8220;default&#8220; background_color=&#8220;#f3eee7&#8243; global_colors_info=&#8220;{}&#8220;][et_pb_row _builder_version=&#8220;4.27.0&#8243; _module_preset=&#8220;default&#8220; background_color=&#8220;RGBA(255,255,255,0)&#8220; width=&#8220;70%&#8220; width_tablet=&#8220;&#8220; width_phone=&#8220;90%&#8220; width_last_edited=&#8220;on|phone&#8220; max_width=&#8220;2560px&#8220; custom_padding=&#8220;0px|0px|0px|0px|false|false&#8220; global_colors_info=&#8220;{}&#8220;][et_pb_column type=&#8220;4_4&#8243; _builder_version=&#8220;4.24.3&#8243; _module_preset=&#8220;default&#8220; global_colors_info=&#8220;{}&#8220;][et_pb_text module_class=&#8220;et_pb_slide_titleDifference&#8220; _builder_version=&#8220;4.26.0&#8243; _module_preset=&#8220;_initial&#8220; text_text_color=&#8220;#313131&#8243; text_font_size=&#8220;26px&#8220; text_letter_spacing=&#8220;1px&#8220; text_line_height=&#8220;1.5em&#8220; custom_margin=&#8220;-1px||||false|false&#8220; custom_margin_tablet=&#8220;-1px||||false|false&#8220; custom_margin_phone=&#8220;-1px||||false|false&#8220; custom_margin_last_edited=&#8220;on|desktop&#8220; locked=&#8220;off&#8220; global_colors_info=&#8220;{}&#8220;]<\/p>\n<p style=\"text-align: left;\">Andere Vorschl\u00e4ge<\/p>\n<p>[\/et_pb_text][\/et_pb_column][\/et_pb_row][et_pb_row column_structure=&#8220;1_2,1_2&#8243; _builder_version=&#8220;4.27.0&#8243; _module_preset=&#8220;default&#8220; width=&#8220;70%&#8220; width_tablet=&#8220;70%&#8220; width_phone=&#8220;90%&#8220; width_last_edited=&#8220;on|phone&#8220; max_width=&#8220;2560px&#8220; custom_margin=&#8220;20px||0px||false|false&#8220; custom_padding=&#8220;0px||0px||false|false&#8220; global_colors_info=&#8220;{}&#8220;][et_pb_column type=&#8220;1_2&#8243; _builder_version=&#8220;4.26.0&#8243; _module_preset=&#8220;default&#8220; global_colors_info=&#8220;{}&#8220;][et_pb_image src=&#8220;https:\/\/portorethymno.com\/wp-content\/uploads\/2025\/02\/Porto_Rethymno_Classic_Room_Urban_View_Listing.jpg&#8220; title_text=&#8220;Porto_Rethymno_Klassische_Zimmer_Urban_View_Listing&#8220; _builder_version=&#8220;4.24.2&#8243; _module_preset=&#8220;default&#8220; hover_transition_speed_curve=&#8220;ease-in-out&#8220; scroll_fade_enable=&#8220;on&#8220; locked=&#8220;off&#8220; global_colors_info=&#8220;{}&#8220;][\/et_pb_image][et_pb_text module_class=&#8220;mainTitleHome&#8220; _builder_version=&#8220;4.24.2&#8243; _module_preset=&#8220;_initial&#8220; text_text_color=&#8220;#313131&#8243; text_font_size=&#8220;22px&#8220; text_line_height=&#8220;1.2em&#8220; min_height=&#8220;55px&#8220; custom_margin=&#8220;0px||10px||false|false&#8220; custom_margin_tablet=&#8220;0px||10px||false|false&#8220; custom_margin_phone=&#8220;0px||10px||false|false&#8220; custom_margin_last_edited=&#8220;on|desktop&#8220; custom_padding=&#8220;0px||0px||false|false&#8220; locked=&#8220;off&#8220; global_colors_info=&#8220;{}&#8220;]<\/p>\n<p>Classic Zimmer, Stadtblick<\/p>\n<p>[\/et_pb_text][et_pb_button button_url=&#8220;@ET-DC@eyJkeW5hbWljIjp0cnVlLCJjb250ZW50IjoicG9zdF9saW5rX3VybF9wYWdlIiwic2V0dGluZ3MiOnsicG9zdF9pZCI6IjMzNyJ9fQ==@&#8220; button_text=&#8220;Details&#8220; admin_label=&#8220;Button&#8220; module_class=&#8220;fullwidthBTN&#8220; _builder_version=&#8220;4.24.2&#8243; _dynamic_attributes=&#8220;button_url&#8220; _module_preset=&#8220;default&#8220; custom_button=&#8220;on&#8220; button_text_size=&#8220;17px&#8220; button_text_color=&#8220;#b6a486&#8243; button_bg_color=&#8220;RGBA(255,255,255,0)&#8220; button_border_color=&#8220;rgba(182,164,134,0.66)&#8220; custom_margin=&#8220;0px||0px||false|false&#8220; locked=&#8220;off&#8220; global_colors_info=&#8220;{}&#8220;][\/et_pb_button][\/et_pb_column][et_pb_column type=&#8220;1_2&#8243; _builder_version=&#8220;4.26.0&#8243; _module_preset=&#8220;default&#8220; global_colors_info=&#8220;{}&#8220;][et_pb_image src=&#8220;https:\/\/portorethymno.com\/wp-content\/uploads\/2025\/02\/Porto_Rethymno_Classic_Room_Side_Sea_View_Listing.jpg&#8220; title_text=&#8220;Porto_Rethymno_Klassisches_Zimmer_Seit_Meer_Blick_Listing&#8220; _builder_version=&#8220;4.24.2&#8243; _module_preset=&#8220;default&#8220; scroll_fade_enable=&#8220;on&#8220; locked=&#8220;off&#8220; global_colors_info=&#8220;{}&#8220;][\/et_pb_image][et_pb_text module_class=&#8220;mainTitleHome&#8220; _builder_version=&#8220;4.24.2&#8243; _module_preset=&#8220;_initial&#8220; text_text_color=&#8220;#313131&#8243; text_font_size=&#8220;22px&#8220; text_line_height=&#8220;1.2em&#8220; min_height=&#8220;55px&#8220; custom_margin=&#8220;0px||10px||false|false&#8220; custom_margin_tablet=&#8220;0px||10px||false|false&#8220; custom_margin_phone=&#8220;0px||10px||false|false&#8220; custom_margin_last_edited=&#8220;on|desktop&#8220; custom_padding=&#8220;0px||0px||false|false&#8220; locked=&#8220;off&#8220; global_colors_info=&#8220;{}&#8220;]<\/p>\n<p>Classic Zimmer, seitlicher Meerblick<\/p>\n<p>[\/et_pb_text][et_pb_button button_url=&#8220;@ET-DC@eyJkeW5hbWljIjp0cnVlLCJjb250ZW50IjoicG9zdF9saW5rX3VybF9wYWdlIiwic2V0dGluZ3MiOnsicG9zdF9pZCI6IjM0MyJ9fQ==@&#8220; button_text=&#8220;Details&#8220; admin_label=&#8220;Button&#8220; module_class=&#8220;fullwidthBTN&#8220; _builder_version=&#8220;4.24.2&#8243; _dynamic_attributes=&#8220;button_url&#8220; _module_preset=&#8220;default&#8220; custom_button=&#8220;on&#8220; button_text_size=&#8220;17px&#8220; button_text_color=&#8220;#b6a486&#8243; button_bg_color=&#8220;RGBA(255,255,255,0)&#8220; button_border_color=&#8220;rgba(182,164,134,0.66)&#8220; custom_margin=&#8220;0px||0px||false|false&#8220; locked=&#8220;off&#8220; global_colors_info=&#8220;{}&#8220;][\/et_pb_button][\/et_pb_column][\/et_pb_row][\/et_pb_section][et_pb_section fb_built=&#8220;1&#8243; disabled_on=&#8220;off|off|on&#8220; module_class=&#8220;stickyBook&#8220; _builder_version=&#8220;4.27.2&#8243; _module_preset=&#8220;default&#8220; background_color=&#8220;#b6a486&#8243; custom_margin=&#8220;0px||0px||false|false&#8220; custom_padding=&#8220;0px||0px||false|false&#8220; locked=&#8220;off&#8220; global_colors_info=&#8220;{}&#8220;][et_pb_row _builder_version=&#8220;4.27.0&#8243; _module_preset=&#8220;default&#8220; custom_margin=&#8220;0px||0px||false|false&#8220; custom_padding=&#8220;10px||10px||false|false&#8220; global_colors_info=&#8220;{}&#8220;][et_pb_column type=&#8220;4_4&#8243; _builder_version=&#8220;4.27.0&#8243; _module_preset=&#8220;default&#8220; global_colors_info=&#8220;{}&#8220;][et_pb_button button_url=&#8220;@ET-DC@eyJkeW5hbWljIjp0cnVlLCJjb250ZW50IjoicG9zdF9saW5rX3VybF9wYWdlIiwic2V0dGluZ3MiOnsicG9zdF9pZCI6IjI1NDAifX0=@&#8220; button_text=&#8220;Preise pr\u00fcfen&#8220; button_alignment=&#8220;center&#8220; admin_label=&#8220;Button&#8220; _builder_version=&#8220;4.27.2&#8243; _dynamic_attributes=&#8220;button_url&#8220; _module_preset=&#8220;default&#8220; custom_button=&#8220;on&#8220; button_text_size=&#8220;17px&#8220; button_text_color=&#8220;#FFFFFF&#8220; button_bg_color=&#8220;#b6a486&#8243; button_border_color=&#8220;rgba(182,164,134,0.66)&#8220; custom_margin=&#8220;0px||0px||false|false&#8220; locked=&#8220;off&#8220; global_colors_info=&#8220;{}&#8220;][\/et_pb_button][\/et_pb_column][\/et_pb_row][\/et_pb_section]<\/p>\n","protected":false},"excerpt":{"rendered":"<p>Classic Zimmer, PoolblickMit einem beruhigenden Blick auf unseren glitzernden Pool l\u00e4dt dieses Classic Zimmer zur Entspannung in einer hellen Atmosph\u00e4re ein. Modernes Mobiliar und coole Atmosph\u00e4re schaffen eine Oase des Komforts und der Gastfreundschaft und sorgen f\u00fcr einen ganz besonderen Aufenthalt. Poolblick Maximal 3 Erwachsene 27 m\u00b2 Einzelbetten \/ Kingsize-Bett<div id=\"metaslider-id-582\" style=\"width: 100%;\" class=\"ml-slider-3-108-0 metaslider metaslider-flex metaslider-582 ml-slider has-carousel-mode ms-theme-default-base nav-hidden nav-hidden\" role=\"region\" aria-label=\"Classic Room, Pool View\" data-height=\"500\" data-width=\"700\">\n    <div id=\"metaslider_container_582\">\n        <div id=\"metaslider_582\">\n            <ul class='slides'>\n                <li style=\"display: none; width: 100%;\" class=\"slide-6746 ms-image \" aria-roledescription=\"slide\" data-date=\"2026-01-03 15:29:43\" data-filename=\"Porto_Rethymno_Classic_Room_Pool_View_1.jpg\" data-slide-type=\"image\"><img decoding=\"async\" src=\"https:\/\/portorethymno.com\/wp-content\/uploads\/2026\/01\/Porto_Rethymno_Classic_Room_Pool_View_1.jpg\" height=\"500\" width=\"700\" alt=\"\" class=\"slider-582 slide-6746 msDefaultImage\" title=\"Porto_Rethymno_Classic_Room_Pool_View_1\" \/><\/li>\n                <li style=\"display: none; width: 100%;\" class=\"slide-6887 ms-image \" aria-roledescription=\"slide\" data-date=\"2026-01-23 22:48:57\" data-filename=\"L20083201-700x500.jpg\" data-slide-type=\"image\"><img decoding=\"async\" src=\"https:\/\/portorethymno.com\/wp-content\/uploads\/2026\/01\/L20083201-700x500.jpg\" height=\"500\" width=\"700\" alt=\"\" class=\"slider-582 slide-6887 msDefaultImage\" \/><\/li>\n                <li style=\"display: none; width: 100%;\" class=\"slide-605 ms-image \" aria-roledescription=\"slide\" data-date=\"2025-02-09 10:58:11\" data-filename=\"L20082461-700x500.jpg\" data-slide-type=\"image\"><img decoding=\"async\" src=\"https:\/\/portorethymno.com\/wp-content\/uploads\/2026\/01\/L20082461-700x500.jpg\" height=\"500\" width=\"700\" alt=\"\" class=\"slider-582 slide-605 msDefaultImage\" \/><\/li>\n                <li style=\"display: none; width: 100%;\" class=\"slide-604 ms-image \" aria-roledescription=\"slide\" data-date=\"2025-02-09 10:58:11\" data-filename=\"Porto_Rethymno_Classic_Room_Pool_View_3.jpg\" data-slide-type=\"image\"><img decoding=\"async\" src=\"https:\/\/portorethymno.com\/wp-content\/uploads\/2026\/01\/Porto_Rethymno_Classic_Room_Pool_View_3.jpg\" height=\"500\" width=\"700\" alt=\"\" class=\"slider-582 slide-604 msDefaultImage\" title=\"Porto_Rethymno_Classic_Room_Pool_View_3\" \/><\/li>\n            <\/ul>\n        <\/div>\n        \n    <\/div>\n<\/div>Alle Aufenthalte beinhalten Ausgew\u00e4hlte Toilettenartikel [&hellip;]<\/p>\n","protected":false},"author":2,"featured_media":0,"parent":0,"menu_order":0,"comment_status":"closed","ping_status":"closed","template":"","meta":{"_et_pb_use_builder":"on","_et_pb_old_content":"","_et_gb_content_width":"","footnotes":""},"class_list":["post-1750","page","type-page","status-publish","hentry"],"_links":{"self":[{"href":"https:\/\/portorethymno.com\/de\/wp-json\/wp\/v2\/pages\/1750","targetHints":{"allow":["GET"]}}],"collection":[{"href":"https:\/\/portorethymno.com\/de\/wp-json\/wp\/v2\/pages"}],"about":[{"href":"https:\/\/portorethymno.com\/de\/wp-json\/wp\/v2\/types\/page"}],"author":[{"embeddable":true,"href":"https:\/\/portorethymno.com\/de\/wp-json\/wp\/v2\/users\/2"}],"replies":[{"embeddable":true,"href":"https:\/\/portorethymno.com\/de\/wp-json\/wp\/v2\/comments?post=1750"}],"version-history":[{"count":13,"href":"https:\/\/portorethymno.com\/de\/wp-json\/wp\/v2\/pages\/1750\/revisions"}],"predecessor-version":[{"id":6865,"href":"https:\/\/portorethymno.com\/de\/wp-json\/wp\/v2\/pages\/1750\/revisions\/6865"}],"wp:attachment":[{"href":"https:\/\/portorethymno.com\/de\/wp-json\/wp\/v2\/media?parent=1750"}],"curies":[{"name":"wp","href":"https:\/\/api.w.org\/{rel}","templated":true}]}}